{"id":120,"date":"2025-06-28T09:47:32","date_gmt":"2025-06-28T09:47:32","guid":{"rendered":"https:\/\/new.rentgear.de\/?post_type=product&#038;p=120"},"modified":"2025-07-02T12:02:00","modified_gmt":"2025-07-02T12:02:00","slug":"soundboks-3","status":"publish","type":"product","link":"https:\/\/new.rentgear.de\/?product=soundboks-3","title":{"rendered":"SOUNDBOKS 3"},"content":{"rendered":"<h3><strong>SOUNDBOKS 3 \u2013 Der perfekte Sound f\u00fcr dein Event<\/strong><\/h3>\n<p>Die <strong>SOUNDBOKS 3<\/strong> ist der ideale Lautsprecher f\u00fcr jede Party oder Veranstaltung. Mit unglaublicher Lautst\u00e4rke, au\u00dfergew\u00f6hnlicher Klangqualit\u00e4t und einer langen Akkulaufzeit sorgt die SOUNDBOKS 3 daf\u00fcr, dass deine Musik auch in gro\u00dfen R\u00e4umen perfekt zur Geltung kommt.<\/p>\n<p>&nbsp;<\/p>\n<p>\ud83d\udd0a <strong>120 dB Lautst\u00e4rke<\/strong> \u2013 F\u00fcr kraftvollen Sound, der jeden Raum f\u00fcllt<br \/>\n\ud83d\udd0b <strong>Lange Akkulaufzeit<\/strong> \u2013 Bis zu 40 Stunden Musikwiedergabe<br \/>\n\ud83c\udf10 <strong>Bluetooth 5.0<\/strong> \u2013 Kabellose Verbindung f\u00fcr maximale Flexibilit\u00e4t<br \/>\n\ud83d\udcaa <strong>Robustes Design<\/strong> \u2013 Sto\u00dffest &amp; wetterbest\u00e4ndig, ideal f\u00fcr jede Party<br \/>\n\ud83c\udfb6 <strong>Hervorragende Klangqualit\u00e4t<\/strong> \u2013 Satter Bass &amp; klare H\u00f6hen<\/p>\n<p>Die SOUNDBOKS 3 bringt den Sound auf das n\u00e4chste Level \u2013 jetzt mieten und die Party starten!<\/p>\n","protected":false},"excerpt":{"rendered":"<p>\ud83d\udd0a SOUNDBOKS 3 \u2013 120 dB Lautst\u00e4rke, lange Akkulaufzeit &amp; gro\u00dfartige Klangqualit\u00e4t. Jetzt mieten &amp; den besten Sound erleben!<\/p>\n","protected":false},"featured_media":121,"comment_status":"open","ping_status":"closed","template":"","meta":{"saved_in_kubio":false},"product_brand":[],"product_cat":[21],"product_tag":[25,26,24,22,23],"class_list":{"0":"post-120","1":"product","2":"type-product","3":"status-publish","4":"has-post-thumbnail","6":"product_cat-tontechnik","7":"product_tag-bluetooth","8":"product_tag-festival","9":"product_tag-musikbox","10":"product_tag-sound","11":"product_tag-soundboks","13":"first","14":"instock","15":"sale","16":"shipping-taxable","17":"purchasable","18":"product-type-simple"},"jetpack_sharing_enabled":true,"_links":{"self":[{"href":"https:\/\/new.rentgear.de\/index.php?rest_route=\/wp\/v2\/product\/120","targetHints":{"allow":["GET"]}}],"collection":[{"href":"https:\/\/new.rentgear.de\/index.php?rest_route=\/wp\/v2\/product"}],"about":[{"href":"https:\/\/new.rentgear.de\/index.php?rest_route=\/wp\/v2\/types\/product"}],"replies":[{"embeddable":true,"href":"https:\/\/new.rentgear.de\/index.php?rest_route=%2Fwp%2Fv2%2Fcomments&post=120"}],"wp:featuredmedia":[{"embeddable":true,"href":"https:\/\/new.rentgear.de\/index.php?rest_route=\/wp\/v2\/media\/121"}],"wp:attachment":[{"href":"https:\/\/new.rentgear.de\/index.php?rest_route=%2Fwp%2Fv2%2Fmedia&parent=120"}],"wp:term":[{"taxonomy":"product_brand","embeddable":true,"href":"https:\/\/new.rentgear.de\/index.php?rest_route=%2Fwp%2Fv2%2Fproduct_brand&post=120"},{"taxonomy":"product_cat","embeddable":true,"href":"https:\/\/new.rentgear.de\/index.php?rest_route=%2Fwp%2Fv2%2Fproduct_cat&post=120"},{"taxonomy":"product_tag","embeddable":true,"href":"https:\/\/new.rentgear.de\/index.php?rest_route=%2Fwp%2Fv2%2Fproduct_tag&post=120"}],"curies":[{"name":"wp","href":"https:\/\/api.w.org\/{rel}","templated":true}]}}